{"id":366,"date":"2020-01-16T22:08:15","date_gmt":"2020-01-16T21:08:15","guid":{"rendered":"https:\/\/www.shop.fredericnardin.com\/?page_id=366"},"modified":"2024-03-18T12:08:55","modified_gmt":"2024-03-18T11:08:55","slug":"conditions-generales-de-vente","status":"publish","type":"page","link":"https:\/\/www.shop.fredericnardin.com\/en\/conditions-generales-de-vente\/","title":{"rendered":"General Terms and Conditions"},"content":{"rendered":"<p>It is recommended that you read these General Terms and Conditions of Sale (GTC) carefully before placing an order on the Site. If you have any questions about these Terms and Conditions, please contact customer service before placing an order.<br>Director of publication: Mr. Frederic Nardin<\/p><p><h3 style=\"color: #00a6a6; text-transform: uppercase;\">Preamble<\/h3>L\u2019entreprise LINES AND NOTES situ\u00e9e au 4 bis rue Simonet, 75013 PARIS &#8211; SIRET 91460572000012 \u2013 N\u00b0 TVA FR94914605720 &#8211; Mail : linesandnotes.music@gmail.com, met \u00e0 la disposition du public une boutique en ligne :<br>https:\/\/www.shop.fredericnardin.com\/music-store\/<br>(hereinafter referred to as the \"Site\").<br>Any Customer placing an order on the Site is assumed to have previously consulted and accepted these GTC in their entirety and without reservation. To do so, he will have necessarily ticked the box \"I accept the General Terms and Conditions of Sale\" before any confirmation of purchase.<br>The Customer is invited to print the present general terms and conditions of sale.<br><\/p><p><h3 style=\"color: #00a6a6; text-transform: uppercase;\">1 - Acceptance of conditions<\/h3>The Customer acknowledges having read, at the time the order is placed, the terms and conditions of sale set out here and declares that he accepts them unreservedly.<br>Les pr\u00e9sentes CGV r\u00e9gissent les relations contractuelles entre LINES AND NOTES et le Client via une commande sur le Site, les deux parties les acceptant sans r\u00e9serve.<br>These GTC govern all sales made on the Site concerning the products offered for sale (the \"Products\").<br>Specific conditions of offers and use of the Products may be directly mentioned on the Site.<br>The Customer declares to be at least 18 years old and to have the legal capacity (or to hold a parental authorization) allowing him\/her to place an order on the Site. In addition, the Customer declares that he\/she is purchasing Products for personal use and not for commercial purposes.<br>Contact \/ Customer Service:<br>email : contact@frednardin.com<\/p><p><h3 style=\"color: #00a6a6; text-transform: uppercase;\">2 \u2013 Orders<\/h3>Pour commander un Produit, le Client doit pr\u00e9alablement s\u2019inscrire sur le Site en compl\u00e9tant l\u2019ensemble des informations requises, tant personnelles que bancaires et ceci, afin de permettre \u00e0 LINES AND NOTES de traiter la commande.<br>The Customer must provide real, verified and complete information. This information is personal to the Customer and it is the Customer's responsibility to ensure its confidentiality, in particular via its password. The Customer is solely responsible for all orders placed via his Account on the Site.<br>It is important that the information is updated if necessary via the \"My Account\" section.<br>The Customer can only order the Products on the Site.<br>Apr\u00e8s avoir pass\u00e9 sa commande sur le Site, le Client recevra un email de confirmation reprenant toutes les informations de la commande et confirmant que celle-ci est trait\u00e9e par LINES AND NOTES. Le Client est invit\u00e9 \u00e0 v\u00e9rifier les informations r\u00e9sum\u00e9es dans cet email r\u00e9capitulatif.<br>The Customer is invited to print a copy of this email and keep it.<\/p><p><h3 style=\"color: #00a6a6; text-transform: uppercase;\">3 \u2013 Price<\/h3>LINES AND NOTES se r\u00e9serve le droit de modifier ses prix \u00e0 tout moment, mais les Produits seront factur\u00e9s sur la base des tarifs en vigueur au moment de l\u2019enregistrement des commandes (sous r\u00e9serve de disponibilit\u00e9).<br>Les Produits demeurent la propri\u00e9t\u00e9 de LINES AND NOTES jusqu\u2019au complet paiement du prix.<br>The prices are those displayed on the Site and are in euros including all French taxes (association not subject to French VAT) but do not include transport costs.<br>When an order is placed, the total price indicated in the order confirmation includes the price of the products, as well as transport costs.<br>Toute commande pass\u00e9e sur le Site et livr\u00e9e en dehors de la France pourra \u00eatre soumise \u00e0 des taxes et\/ou droits de douane \u00e0 la charge exclusive du Client et relevant uniquement de sa responsabilit\u00e9. LINES AND NOTES n\u2019est pas tenu de v\u00e9rifier et d\u2019informer le Client des droits de douane et taxes applicables. Pour les conna\u00eetre, le Client se renseignera aupr\u00e8s des autorit\u00e9s comp\u00e9tentes de son pays.<\/p><p><h3 style=\"color: #00a6a6; text-transform: uppercase;\">4 - Availability<\/h3>The Products offered on the Site are on sale as long as the offer to purchase is online and within the limit of available stocks. The availability indicated at the time the Customer consults the Site remains dependent on the actual state of stock at the time the order is recorded. It may happen that between the placing of the order and its registration by Customer Service, the product is no longer available.<br>Si post\u00e9rieurement \u00e0 la commande, un Produit s\u2019av\u00e8re \u00eatre indisponible, LINES AND NOTES en informera le Client dans les meilleurs d\u00e9lais par courrier, e-mail ou t\u00e9l\u00e9phone et lui donnera la possibilit\u00e9:<br>- or to be refunded the price of the Product ordered,<br>- or to be delivered, of a product of a quality and price equivalent to that ordered.<br>Certains Produits peuvent \u00eatre propos\u00e9s en pr\u00e9commande. Cela signifie qu\u2019ils ne pourront \u00eatre exp\u00e9di\u00e9s qu\u2019\u00e0 partir de leur date de sortie qui sera pr\u00e9cis\u00e9e sur le Site. D\u00e8s que le produit sera disponible, LINES AND NOTES informera le Client par email de l\u2019exp\u00e9dition de sa commande.<\/p><p><h3 style=\"color: #00a6a6; text-transform: uppercase;\">5 - Delivery<\/h3>LINES AND NOTES pr\u00e9parera les Produits command\u00e9s dans un d\u00e9lai maximum de 7 jours ouvr\u00e9s jours \u00e0 partir de la date de l\u2019email de confirmation de commande vis\u00e9 au paragraphe 6 de l\u2019article 2 des pr\u00e9sentes CGV ou s\u2019il s\u2019agit d\u2019une pr\u00e9commande, dans un d\u00e9lai de 7 jours ouvr\u00e9s jours \u00e0 compter de la date de sortie du produit qui sera mentionn\u00e9e sur le Site, dans la fiche produit. Les d\u00e9lais de livraison seront ensuite appliqu\u00e9s selon le transporteur et la zone de livraison (pour plus d\u2019info consulter notre&nbsp;<a href=\"https:\/\/www.shop.fredericnardin.com\/en\/livraison\/\">delivery page<\/a>).<br>If the Customer orders an available product and a pre-ordered product at the same time, the delivery of the whole will be made in accordance with the deadlines applicable to the pre-ordered product.<br>Les d\u00e9lais de livraison postaux sont des estimations, LINES AND NOTES ne pouvant \u00eatre tenue responsable de tout retard de livraison incombant aux services postaux.<br>Les Produits sont envoy\u00e9s \u00e0 l\u2019adresse de livraison que le Client a indiqu\u00e9e au cours du processus de commande. En cas d\u2019erreur dans le libell\u00e9 des coordonn\u00e9es du destinataire, LINES AND NOTES ne saurait \u00eatre tenue responsable de l\u2019impossibilit\u00e9 dans laquelle elle pourrait \u00eatre de livrer le produit.<br>Toute commande pass\u00e9e sur le Site et livr\u00e9e en dehors de la France pourra \u00eatre soumise \u00e0 des taxes \u00e9ventuelles et \u00e0 des droits de douane qui sont impos\u00e9s lorsque le colis parvient \u00e0 sa destination. Ces droits de douane et ces taxes \u00e9ventuels li\u00e9s \u00e0 la livraison d\u2019un article sont \u00e0 la charge du Client et rel\u00e8vent de sa responsabilit\u00e9. LINES AND NOTES n\u2019est pas tenue de v\u00e9rifier et d\u2019informer le Client des droits de douane et taxes applicables. Pour les conna\u00eetre, le Client se renseignera aupr\u00e8s des autorit\u00e9s comp\u00e9tentes de son pays.<\/p><p><h3 style=\"color: #00a6a6; text-transform: uppercase;\">6 - Payment<\/h3>Payment for the Products can be made either by credit card (Eurocard Mastercard, Credit Card and Visa) or by Paypal. No other means of payment is accepted. The Customer's account will be debited at the time of the order.<br>By providing his or her credit card or bank account information, the Customer confirms that he or she is authorized to make a payment with this card or account, and that he or she is the holder of this card or account.<br>Tous les titulaires de cartes bancaires sont soumis \u00e0 des v\u00e9rifications faites par l\u2019\u00e9metteur de la carte. Si l\u2019\u00e9metteur de la carte bancaire refuse d\u2019autoriser le paiement, LINES AND NOTES ne pourra pas accepter la commande et ne pourra pas \u00eatre tenue pour responsable de la non livraison ou du d\u00e9passement des d\u00e9lais de livraison.<\/p><p><h3 style=\"color: #00a6a6; text-transform: uppercase;\">7 - Secure payment<\/h3>Our Site is subject to one of the most powerful security systems currently in use, the universal SSL encryption process. The credit card number entered is only known by Paypal. It does not pass through the server of the Site.<br>The order validated by the Customer will only be considered effective when the bank payment centres concerned have given their agreement. In the event of refusal by the said centres, the order will be automatically cancelled and the Customer notified by e-mail.<\/p><p><h3 style=\"color: #00a6a6; text-transform: uppercase;\">8 - Right of withdrawal<\/h3>In accordance with the regulations in force, the right of withdrawal cannot be exercised:<br>- on vinyls, CDs, DVDs or any audio or video media when they have been unsealed\/unsealed;<br>- on products personalized for the Customer or established according to his specifications;<br>- on contracts for the provision of services whose execution has begun, with the Customer's agreement, before the end of the seven clear days.<br>The Customer has a period of 15 (fifteen) clear days from receipt of the order to request an exchange or refund and return any product that is not suitable, in its original packaging and in good condition, suitable for its re-marketing, by following the return procedure described below.<br>For any request for exchange or refund of Product(s) within the framework of the right of retraction and for any question or information relating to the right of retraction, the customer must contact Customer Service by email at contact@frednardin.com.<br>The Customer must take care of the Product(s) to be returned as long as they are in his possession.<br>Procedures for exercising the right of withdrawal:<br>En cas d\u2019exercice du droit de r\u00e9tractation dans le d\u00e9lai susvis\u00e9, et si le(s) produit(s) retourn\u00e9(s) n\u2019ont pas \u00e9t\u00e9 endommag\u00e9(s) par le Client, LINES AND NOTES proc\u00e9dera, au choix du Client, \u00e0 l\u2019\u00e9change du ou des Produit(s) ou au remboursement du prix du ou des Produit(s) achet\u00e9(s) et retourn\u00e9(s), dans les 30 (trente) jours \u00e0 compter de la r\u00e9ception du ou des Produit(s).<br>The Customer should contact Customer Service by email at contact@frednardin.com.<br>The Customer must return, at his own expense, the item(s), new and unworn in their original condition (packaging, accessories, instructions ...), (If the original packaging has been lost, the Customer will mention on the package the name of the person who ordered the product(s) as well as the order number) to the following address:<br>LINES AND NOTES<br>4 bis rue Simonet, 75013 PARIS \/ FRANCE<br>LINES AND NOTES proc\u00e9dera au remboursement du montant de la commande \u00e0 savoir le prix d\u2019achat du\/des produit(s) concern\u00e9(s) et le montant des frais d\u2019envoi initiaux sur la base du tarif factur\u00e9, si l\u2019int\u00e9gralit\u00e9 de la commande est retourn\u00e9e. Le remboursement sera effectu\u00e9 apr\u00e8s contr\u00f4le que les conditions pos\u00e9es sont remplies.<br>Le remboursement sera effectu\u00e9 d\u00e8s la r\u00e9ception du\/des Produit(s) par les services de LINES AND NOTES et leur contr\u00f4le pr\u00e9alable, comme suit :<br>LINES AND NOTES proc\u00e9dera \u00e0 un virement bancaire sur le compte bancaire du Client.<br>(the Customer must send a RIB in his return package).<br>Reimbursement of an order having benefited from a promotional code<br>When an order has benefited from a promotional code, the amount is broken down over all the Products of the order in proportion to their respective value; from then on, the reimbursement of the Product(s) of an order, whatever the reason, is made after deduction of the share of the associated promotional code.<br>Reimbursement, in the event of the right of withdrawal, will be made according to the aforementioned terms and conditions, the amount of the promotional code not being reimbursed since it has already been deducted from the initial cost of the Customer's order (unless specific conditions to the contrary are set out in the promotional code.<\/p><p><h3 style=\"color: #00a6a6; text-transform: uppercase;\">9 - Defective products or products not in conformity with the order<\/h3>In the event of delivery of Product(s) that are defective, damaged, spoiled or do not conform to the Customer's order, the Customer may, within 8 (eight) days from receipt of the Product(s), request an exchange or refund.<br>Les frais de retour de ce(s) Produit(s) d\u00e9fectueux sont \u00e0 la charge de LINES AND NOTES.<br>Apr\u00e8s contr\u00f4le du\/des Produit(s), si LINES AND NOTES constate la d\u00e9fectuosit\u00e9 du\/des produit(s) retourn\u00e9(s) ou sa\/leur non-conformit\u00e9 avec la commande pass\u00e9e par le Client, elle proc\u00e9dera, au choix du Client :<br>- or the exchange of the defective or non-conforming product(s), in accordance with the procedure described in Article 8 above;<br>- or to the reimbursement of the defective or non-conforming product(s), according to the procedure described in Article 8 above, within 30 days of receipt of the return. The refund will cover the defective or non-conforming product(s), the initial shipping costs based on the invoiced price being refunded if the entire order is returned. The name of the person who ordered the product and the order number must be clearly indicated in the return package.<br>LINES AND NOTES n\u2019acceptera pas les retours en contre-remboursement.<\/p><p><h3 style=\"color: #00a6a6; text-transform: uppercase;\">10 - Cancellation of the order<\/h3>As long as the Product has not been shipped, the Customer may cancel the order by contacting Customer Service, clearly indicating his order number:<br>By e-mail: contact@frednardin.com<\/p><p><h3 style=\"color: #00a6a6; text-transform: uppercase;\">11 - Promotional Codes<\/h3>The Customer may receive promotional codes whose specific terms and conditions of use will be systematically specified.<br>By using a promotional code to make a purchase, the Customer accepts the terms and conditions of use in effect at the time the order is confirmed.<br>To benefit from his promotional code, the Customer must enter this code when ordering.<br>Please note that promotional codes may be valid either for the entire Site or for certain Products only, these restrictions being specified in the conditions of use relating to each code and communicated to the Customer with the Code.<br>There is only one (1) promotional code per order of product(s). Promotional codes are not cumulative with each other, unless an exception is specified on a case-by-case basis in the specific terms of use of each promotional code.<br>Each promotional code will expire on the date specified in the specific conditions attached to it.<br>Promotion codes cannot be redeemed for cash and cannot be transferred or assigned to a third party. It is forbidden to publish or distribute the promotional codes.<br>The specific conditions relating to a promotional code may provide for its validity to be subject to a minimum purchase amount, it being understood that in this case, postage and packaging costs and any taxes will not be taken into account when calculating the minimum purchase amount.<br>In the event of an incorrect or faulty promotional code or the loss of a promotional code, the Customer may contact Customer Service for assistance.<\/p><p><h3 style=\"color: #00a6a6; text-transform: uppercase;\">12 - Customer Relations and Technical Support<\/h3>For any information on the Products, or the follow-up of the execution of his order, the exercise of his right of retraction or for any other question, the Customer can contact the Customer Service as follows:<br>By e-mail: contact@frednardin.com<br>By phone: (+33) 06 84 10 32 06<\/p><p><h3 style=\"color: #00a6a6; text-transform: uppercase;\">13 - Legal warranty<\/h3>The Customer benefits from the legal guarantee of hidden defects and this in accordance with the legal provisions below: Article 1641 of the Civil Code<br>The seller is bound by the warranty on account of hidden defects of the thing sold which render it unfit for the use for which it is intended, or which so diminish this use that the buyer would not have acquired it, or would only have paid a lower price for it, if he had known about them.<br>Article 1648 paragraph 1 of the Civil Code The action resulting from redhibitory defects must be brought by the purchaser within a period of two years from the discovery of the defect.<\/p><p><h3 style=\"color: #00a6a6; text-transform: uppercase;\">14 - Personal data<\/h3>En commandant un produit sur le Site, le Client accepte que LINES AND NOTES stocke et utilise ses informations personnelles pour proc\u00e9der \u00e0 la commande, au paiement et \u00e0 l\u2019exp\u00e9dition des Produits. LINES AND NOTES travaille avec des partenaires notamment pour les v\u00e9rifications bancaires ou les livraisons de commandes au Client. Ces partenaires peuvent \u00e9galement avoir acc\u00e8s aux donn\u00e9es personnelles du Client pour honorer la commande.<br><em>a. Named informations<\/em><br>LINES AND NOTES met en \u0153uvre un traitement de donn\u00e9es personnelles ayant pour finalit\u00e9 la gestion et le suivi de la relation Clients et la prospection commerciale. Les donn\u00e9es collect\u00e9es \u00e0 l\u2019occasion de l\u2019achat des Produits identifi\u00e9es par un ast\u00e9risque sont obligatoires. A d\u00e9faut, le traitement de la demande du Client pourra \u00eatre retard\u00e9 ou emp\u00each\u00e9. Les donn\u00e9es concernant le Client sont destin\u00e9es \u00e0 LINES AND NOTES.<br>In accordance with the French Data Protection Act of 6 January 1978, the Customer has the right to access, question, rectify and, for legitimate reasons, oppose personal data concerning him\/her. These rights may be exercised by the following means (accompanied by a copy of a signed identity document):<br>By writing to the postal address:<br>LINES AND NOTES \u2013 4 bis rue Simonet, 75013 PARIS \/ FRANCE<br>By e-mail: contact@frednardin.com<br><em>b. Cookies<\/em><br>LINES AND NOTES utilise la technologie des \u00ab cookies \u00bb dans l\u2019ordinateur du Client. Un cookie ne permet pas d\u2019identifier le Client. D\u2019une mani\u00e8re g\u00e9n\u00e9rale, il enregistre des informations relatives \u00e0 la navigation de l\u2019ordinateur du Client sur le Site (les pages consult\u00e9es, la date et l\u2019heure de la consultation, etc.) que LINES AND NOTES pourra lire lors des visites ult\u00e9rieures du Client. En l\u2019esp\u00e8ce, il contient les informations que le Client vient de fournir. Ainsi, le Client n\u2019aura pas besoin, lors de sa prochaine visite, de remplir \u00e0 nouveau le formulaire propos\u00e9. La dur\u00e9e de conservation de ces informations dans son ordinateur est de 30 jours.<br>A titre indicatif, LINES AND NOTES informe le Client qu\u2019il peut s\u2019opposer \u00e0 l\u2019enregistrement de \u00ab cookies \u00bb en configurant son navigateur selon la proc\u00e9dure propre \u00e0 chacun des navigateurs.<\/p><p><h3 style=\"color: #00a6a6; text-transform: uppercase;\">15 - Intellectual Property<\/h3>All texts, comments, works, illustrations and images reproduced in the Site shop are protected by the provisions of the Intellectual Property Code. Only private use is authorized.<br>The rights recognized to the authors or holders of related rights by the Intellectual Property Code are reserved.<br>LINES AND NOTES est le titulaire exclusif et\/ou le cessionnaire ou le concessionnaire de tous les \u00e9l\u00e9ments de propri\u00e9t\u00e9 intellectuelle composant le Site, tels que les logos, les marques, les dessins et mod\u00e8les, les fichiers audio, les textes, les images, les technologies et le savoir-faire. Le Client s\u2019interdit d\u2019utiliser ces \u00e9l\u00e9ments de propri\u00e9t\u00e9 intellectuelle \u00e0 des fins commerciales, de les modifier ou de les reproduire, sous peine d\u2019engager sa responsabilit\u00e9.<\/p><p><h3 style=\"color: #00a6a6; text-transform: uppercase;\">16 - Responsibilities<\/h3>Les Produits propos\u00e9s sont conformes \u00e0 la l\u00e9gislation fran\u00e7aise en vigueur. La responsabilit\u00e9 de LINES AND NOTES ne saurait \u00eatre engag\u00e9e en cas de non-respect de la l\u00e9gislation du pays o\u00f9 les Produits sont livr\u00e9s. Il appartient \u00e0 l\u2019acheteur de v\u00e9rifier aupr\u00e8s des autorit\u00e9s locales les possibilit\u00e9s d\u2019importation ou d\u2019utilisation des Produits qu\u2019il envisage de commander.<br>LINES AND NOTES ne peut en aucun cas \u00eatre tenu pour responsable :<br>- access speeds to the Site,<br>- the speed at which the pages of the Site are opened and consulted,<br>- of external slowdowns,<br>- the suspension or inaccessibility of the Site,<br>- the fraudulent use by third parties of all the information made available on the Site, particularly in view of the complexity of the global networks, the unequal capacities of the various sub-networks, the influx of users at certain times, the various \"bottlenecks\" at certain points on the Internet.<br>LINES AND NOTES ne saurait \u00eatre tenue responsable de tout dysfonctionnement, toute perte ou toute d\u00e9t\u00e9rioration pouvant endommager le mat\u00e9riel du Client et de tout internaute.<br>Il incombe au Client de prot\u00e9ger ses \u00e9quipements techniques notamment contre toute forme de contamination par des virus et\/ou de tentative d\u2019intrusion, LINES AND NOTES ne pouvant en aucun cas en \u00eatre tenue pour responsable.<br>Le Client est seul responsable de l\u2019installation, de l\u2019exploitation et de la maintenance de ses \u00e9quipements techniques, informatiques, t\u00e9l\u00e9phoniques n\u00e9cessaires pour acc\u00e9der au Site. En aucune mani\u00e8re LINES AND NOTES ne sera tenue responsable si le Site s\u2019av\u00e8re incompatible ou pr\u00e9sente des dysfonctionnements avec certains logiciels, configurations, syst\u00e8mes d\u2019exploitation ou \u00e9quipements du Client. LINES AND NOTES ne saurait \u00eatre tenue responsable de tout dommage quel qu\u2019il soit pouvant r\u00e9sulter de l\u2019utilisation du Site, des op\u00e9rations de mise \u00e0 jour et des indisponibilit\u00e9s temporaires.<br>L\u2019acc\u00e8s au Service est assur\u00e9 de mani\u00e8re permanente, 24h\/24h et 7j\/7j, sous r\u00e9serve des p\u00e9riodes de maintenance et d\u2019entretien, des op\u00e9rations de mise \u00e0 jour des serveurs et de leurs \u00e9ventuelles interruptions exceptionnelles, sous r\u00e9serve de cas de force majeure et enfin, sous r\u00e9serve de saturation du r\u00e9seau ou d\u2019interruptions tenant au r\u00e9seau lui-m\u00eame ou \u00e0 la s\u00e9curisation des donn\u00e9es du Client. LINES AND NOTES ne saurait \u00eatre tenu pour responsable de l\u2019inex\u00e9cution ou de la mauvaise ex\u00e9cution du contrat conclu si cela est imputable, soit au Client, soit au fait, impr\u00e9visible et insurmontable, d\u2019un tiers au contrat, soit \u00e0 un cas de force majeure.<br>Dans l\u2019hypoth\u00e8se o\u00f9 la responsabilit\u00e9 de LINES AND NOTES serait engag\u00e9e elle serait limit\u00e9e au prix du service command\u00e9 par le Client.<\/p><p><h3 style=\"color: #00a6a6; text-transform: uppercase;\">17 \u2013 Applicable law \u2013 Litigation<\/h3>If one or more stipulations of these GTC are held to be invalid or declared as such in application of a law, a regulation or following a final decision of a competent court, the other stipulations will retain their full force and scope.<br>Any dispute relating to the interpretation and execution of these general conditions of sale is subject to French law.<br>Failing amicable resolution, the dispute will be brought before the court of Paris.<\/p><p><h3 style=\"color: #00a6a6; text-transform: uppercase;\">18 \u2013 Various<\/h3>It is recalled that the succession of clicks by the Customer on the pages of the Site constitutes the expression of the Customer's consent to the commitments stipulated on each of the pages of the Site that are the subject of the clicks. The parties are thus contractually bound.<br>LINES AND NOTES entend sauvegarder dans des conditions de s\u00e9curit\u00e9 raisonnable l\u2019ant\u00e9riorit\u00e9 de chaque commande et de chaque paiement effectu\u00e9 sur le Site. En cas de litige ou de fraude, LINES AND NOTES sera donc en mesure de produire \u00e0 titre probatoire tous les \u00e9l\u00e9ments archiv\u00e9s qu\u2019elle aura en sa possession.<\/p>","protected":false},"excerpt":{"rendered":"<p>Il est recommand\u00e9 de lire attentivement les pr\u00e9sentes Conditions G\u00e9n\u00e9rales de vente (CGV) avant de passer une commande sur le Site. En cas de questions sur ces Conditions, contactez le service client avant de passer une commande.Directeur de la publication : Monsieur Frederic Nardin Pr\u00e9ambule L\u2019entreprise LINES AND NOTES situ\u00e9e au 4 bis rue Simonet, [&hellip;]<\/p>","protected":false},"author":1,"featured_media":0,"parent":0,"menu_order":0,"comment_status":"closed","ping_status":"closed","template":"","meta":{"footnotes":""},"class_list":["post-366","page","type-page","status-publish","hentry"],"jetpack_sharing_enabled":true,"_links":{"self":[{"href":"https:\/\/www.shop.fredericnardin.com\/en\/wp-json\/wp\/v2\/pages\/366"}],"collection":[{"href":"https:\/\/www.shop.fredericnardin.com\/en\/wp-json\/wp\/v2\/pages"}],"about":[{"href":"https:\/\/www.shop.fredericnardin.com\/en\/wp-json\/wp\/v2\/types\/page"}],"author":[{"embeddable":true,"href":"https:\/\/www.shop.fredericnardin.com\/en\/wp-json\/wp\/v2\/users\/1"}],"replies":[{"embeddable":true,"href":"https:\/\/www.shop.fredericnardin.com\/en\/wp-json\/wp\/v2\/comments?post=366"}],"version-history":[{"count":20,"href":"https:\/\/www.shop.fredericnardin.com\/en\/wp-json\/wp\/v2\/pages\/366\/revisions"}],"predecessor-version":[{"id":3034,"href":"https:\/\/www.shop.fredericnardin.com\/en\/wp-json\/wp\/v2\/pages\/366\/revisions\/3034"}],"wp:attachment":[{"href":"https:\/\/www.shop.fredericnardin.com\/en\/wp-json\/wp\/v2\/media?parent=366"}],"curies":[{"name":"wp","href":"https:\/\/api.w.org\/{rel}","templated":true}]}}