{"id":346,"date":"2020-01-16T21:25:26","date_gmt":"2020-01-16T20:25:26","guid":{"rendered":"https:\/\/www.shop.fredericnardin.com\/?page_id=346"},"modified":"2020-01-16T22:06:29","modified_gmt":"2020-01-16T21:06:29","slug":"livraison","status":"publish","type":"page","link":"https:\/\/www.shop.fredericnardin.com\/fr\/livraison\/","title":{"rendered":"Livraison"},"content":{"rendered":"<p>Les livraisons sont effectu\u00e9es par colissimo. Vos colis sont pr\u00e9par\u00e9s en 24 \u00e0 48h jours ouvrables. Il faut ensuite se reporter aux tableaux ci-dessous, pour ajouter le d\u00e9lai d&rsquo;acheminement.<br><\/p><div class=\"wp-block-columns is-layout-flex wp-container-core-columns-is-layout-1 wp-block-columns-is-layout-flex\"><div class=\"wp-block-column is-layout-flow wp-block-column-is-layout-flow\"><p><h3 style=\"color: #00a6a6;\">FRANCE METROPOLITAINE<\/h3>ACHEMINEMENT EN&nbsp; 24 \u00e0 48h&nbsp; (Corse + 1 jour).<br>Franco de Port \u00e0 partir de 100 \u20ac<br>&gt; 250 g = 4,95 \u20ac<br>&gt; 500 g = 6,25 \u20ac<br>&gt; 750 g = 7,10 \u20ac<br>&gt; 1 Kg = 7,80 \u20ac<br>&gt; 2 Kg = 8,88 \u20ac<br>&gt; 5 Kg = 13,35 \u20ac<br>&gt; 10 Kg = 19,5 Kg<br>&gt; 30 Kg = 27,80 \u20ac<\/p><\/div>\n\n<div class=\"wp-block-column is-layout-flow wp-block-column-is-layout-flow\"><p><h3 style=\"color: #00a6a6;\">EUROPE<\/h3>ACHEMINEMENT 75H \u00e0 6 jours (selon pays)&nbsp;<br>&gt; 500 g = 12,30 \u20ac<br>&gt; 1 Kg = 15,20 \u20ac<br>&gt; 2 Kg = 17,20 \u20ac<br>&gt; 5 Kg = 22,00 \u20ac<br>&gt; 10 Kg = 36,30 \u20ac<br>&gt; 20 Kg = 60,30 \u20ac<\/p><\/div>\n\n<div class=\"wp-block-column is-layout-flow wp-block-column-is-layout-flow\"><p><h3 style=\"color: #00a6a6;\">OUTREMER ZONE 1<\/h3>ACHEMINEMENT 5 \u00e0 10 jours (selon zone)&nbsp;<br>&gt; 750 g = 9,45 \u20ac<br>&gt; 1 Kg = 14,35 \u20ac<br>&gt; 2 Kg = 19,50 \u20ac<br>&gt; 5 Kg = 29,35 \u20ac<br>&gt; 10 Kg = 47,10 \u20ac<br>&gt; 50 Kg = 105 \u20ac<\/p><\/div><\/div><div class=\"wp-block-columns is-layout-flex wp-container-core-columns-is-layout-2 wp-block-columns-is-layout-flex\"><div class=\"wp-block-column is-layout-flow wp-block-column-is-layout-flow\"><p><h3 style=\"color: #00a6a6;\">OUTREMER ZONE 2<\/h3>ACHEMINEMENT 5 \u00e0 10 jours (selon zone)\u00a0<br>> 750 g = 11,40 \u20ac<br>> 1 Kg = 17,10 \u20ac<br>> 2 Kg = 30,10 \u20ac<br>> 5 Kg = 50,50 \u20ac<br>> 10 Kg = 98,50 \u20ac<br>> 30 Kg = 250 \u20ac<\/p><\/div>\n\n<div class=\"wp-block-column is-layout-flow wp-block-column-is-layout-flow\"><p><h3 style=\"color: #00a6a6;\">INTERNATIONAL ZONE B<\/h3>ACHEMINEMENT 5 \u00e0 10 jours (selon zone)\u00a0<br>> 500 g = 16,65 \u20ac<br>> 1 Kg = 19,90 \u20ac<br>> 2 Kg = 21,75 \u20ac<br>> 5 Kg = 27,95 \u20ac<br>> 10 Kg = 46,25 \u20ac<br>> 20 Kg = 71,15 \u20ac<\/p><\/div>\n\n<div class=\"wp-block-column is-layout-flow wp-block-column-is-layout-flow\"><p><h3 style=\"color: #00a6a6;\">INTERNATIONAL ZONE C<\/h3>ACHEMINEMENT 5 \u00e0 10 jours (selon zone)\u00a0<br>> 500 g = 24,35 \u20ac<br>> 1 Kg = 27,10 \u20ac<br>> 2 Kg = 37,30 \u20ac<br>> 5 Kg = 54,55 \u20ac<br>> 10 Kg = 103,10 \u20ac<br>> 20 Kg = 164,60 \u20ac<\/p><\/div><\/div>","protected":false},"excerpt":{"rendered":"<p>Les livraisons sont effectu\u00e9es par colissimo. Vos colis sont pr\u00e9par\u00e9s en 24 \u00e0 48h jours ouvrables. Il faut ensuite se reporter aux tableaux ci-dessous, pour ajouter le d\u00e9lai d&rsquo;acheminement. FRANCE METROPOLITAINE ACHEMINEMENT EN&nbsp; 24 \u00e0 48h&nbsp; (Corse + 1 jour).Franco de Port \u00e0 partir de 100 \u20ac&gt; 250 g = 4,95 \u20ac&gt; 500 g = [&hellip;]<\/p>\n","protected":false},"author":1,"featured_media":0,"parent":0,"menu_order":0,"comment_status":"closed","ping_status":"closed","template":"","meta":{"footnotes":""},"class_list":["post-346","page","type-page","status-publish","hentry"],"jetpack_sharing_enabled":true,"_links":{"self":[{"href":"https:\/\/www.shop.fredericnardin.com\/fr\/wp-json\/wp\/v2\/pages\/346"}],"collection":[{"href":"https:\/\/www.shop.fredericnardin.com\/fr\/wp-json\/wp\/v2\/pages"}],"about":[{"href":"https:\/\/www.shop.fredericnardin.com\/fr\/wp-json\/wp\/v2\/types\/page"}],"author":[{"embeddable":true,"href":"https:\/\/www.shop.fredericnardin.com\/fr\/wp-json\/wp\/v2\/users\/1"}],"replies":[{"embeddable":true,"href":"https:\/\/www.shop.fredericnardin.com\/fr\/wp-json\/wp\/v2\/comments?post=346"}],"version-history":[{"count":13,"href":"https:\/\/www.shop.fredericnardin.com\/fr\/wp-json\/wp\/v2\/pages\/346\/revisions"}],"predecessor-version":[{"id":365,"href":"https:\/\/www.shop.fredericnardin.com\/fr\/wp-json\/wp\/v2\/pages\/346\/revisions\/365"}],"wp:attachment":[{"href":"https:\/\/www.shop.fredericnardin.com\/fr\/wp-json\/wp\/v2\/media?parent=346"}],"curies":[{"name":"wp","href":"https:\/\/api.w.org\/{rel}","templated":true}]}}