{"id":126,"date":"2020-01-09T16:09:12","date_gmt":"2020-01-09T15:09:12","guid":{"rendered":"https:\/\/www.shop.fredericnardin.com\/?post_type=product&#038;p=126"},"modified":"2022-07-04T12:46:56","modified_gmt":"2022-07-04T10:46:56","slug":"look-ahead","status":"publish","type":"product","link":"https:\/\/www.shop.fredericnardin.com\/fr\/produit\/look-ahead\/","title":{"rendered":"LOOK AHEAD &#8211; FRED NARDIN TRIO"},"content":{"rendered":"<p>Prix Django Reinhardt de l&rsquo;Acad\u00e9mie du Jazz en 2016 et artiste nomm\u00e9 aux Victoires de la Musique Jazz en 2018, le pianiste Fred Nardin,<br \/>\nrep\u00e9r\u00e9 entre autre au sein de l&rsquo;Amazing Keystone Big Band et aux c\u00f4t\u00e9s de C\u00e9cile Mc Lorin Salvant, est une des grandes r\u00e9v\u00e9lations du Jazz Fran\u00e7ais de ces derni\u00e8res ann\u00e9es.<\/p>\n<p>Son nouvel album en trio, avec Or Bareket et Leon Parker est la preuve qu&rsquo;un Jazz de grande qualit\u00e9 peut toucher un large public : des simples amateurs aux plus grands connaisseurs.<\/p>\n<h2>Extraits<\/h2>\n<h3>COLOURS<\/h3>\n<p><audio controls=\"controls\"><source src=\"https:\/\/www.shop.fredericnardin.com\/wp-content\/uploads\/2020\/01\/Nardin-FRED-NARDIN-TRIO-LOOK-AHEAD-01-FRED-NARDIN-TRIO-COLOURS.mp3\" type=\"audio\/ogg\" \/><\/audio><\/p>\n<h3>JUST EASY<\/h3>\n<p><audio controls=\"controls\"><source src=\"https:\/\/www.shop.fredericnardin.com\/wp-content\/uploads\/2020\/01\/Nardin-FRED-NARDIN-TRIO-LOOK-AHEAD-02-FRED-NARDIN-TRIO-JUST-EASY.mp3\" type=\"audio\/mpeg\" \/><\/audio><\/p>\n<h3>LOOK AHEAD<\/h3>\n<p><audio controls=\"controls\"><source src=\"https:\/\/www.shop.fredericnardin.com\/wp-content\/uploads\/2020\/01\/Nardin-FRED-NARDIN-TRIO-LOOK-AHEAD-03-FRED-NARDIN-TRIO-LOOK-AHEAD.mp3\" type=\"audio\/mpeg\" \/><\/audio><\/p>\n<h3>THREE FOR YOU<\/h3>\n<p><audio controls=\"controls\"><source src=\"https:\/\/www.shop.fredericnardin.com\/wp-content\/uploads\/2020\/01\/Nardin-FRED-NARDIN-TRIO-LOOK-AHEAD-04-FRED-NARDIN-TRIO-THREE-FOR-YOU.mp3\" type=\"audio\/mpeg\" \/><\/audio><\/p>\n","protected":false},"excerpt":{"rendered":"<p>2019 | Fred Nardin Trio, l\u2019art de l\u2019\u00e9l\u00e9gance (Le Monde)<\/p>\n<p>LINE UP : FRED NARDIN : piano \/ OR BAREKET : contrebasse \/ LEON PARKER : batterie<\/p>\n","protected":false},"featured_media":128,"template":"","meta":[],"product_cat":[23,25],"product_tag":[],"class_list":{"0":"post-126","1":"product","2":"type-product","3":"status-publish","4":"has-post-thumbnail","6":"product_cat-albums","7":"product_cat-fred-nardin-trio","9":"first","10":"instock","11":"taxable","12":"shipping-taxable","13":"purchasable","14":"product-type-variable"},"jetpack_sharing_enabled":true,"_links":{"self":[{"href":"https:\/\/www.shop.fredericnardin.com\/fr\/wp-json\/wp\/v2\/product\/126"}],"collection":[{"href":"https:\/\/www.shop.fredericnardin.com\/fr\/wp-json\/wp\/v2\/product"}],"about":[{"href":"https:\/\/www.shop.fredericnardin.com\/fr\/wp-json\/wp\/v2\/types\/product"}],"wp:featuredmedia":[{"embeddable":true,"href":"https:\/\/www.shop.fredericnardin.com\/fr\/wp-json\/wp\/v2\/media\/128"}],"wp:attachment":[{"href":"https:\/\/www.shop.fredericnardin.com\/fr\/wp-json\/wp\/v2\/media?parent=126"}],"wp:term":[{"taxonomy":"product_cat","embeddable":true,"href":"https:\/\/www.shop.fredericnardin.com\/fr\/wp-json\/wp\/v2\/product_cat?post=126"},{"taxonomy":"product_tag","embeddable":true,"href":"https:\/\/www.shop.fredericnardin.com\/fr\/wp-json\/wp\/v2\/product_tag?post=126"}],"curies":[{"name":"wp","href":"https:\/\/api.w.org\/{rel}","templated":true}]}}