{"id":144,"date":"2020-01-10T17:33:46","date_gmt":"2020-01-10T16:33:46","guid":{"rendered":"https:\/\/www.shop.fredericnardin.com\/?post_type=product&#038;p=144"},"modified":"2024-11-14T13:28:24","modified_gmt":"2024-11-14T12:28:24","slug":"opening","status":"publish","type":"product","link":"https:\/\/www.shop.fredericnardin.com\/fr\/produit\/opening\/","title":{"rendered":"OPENING &#8211; FRED NARDIN TRIO"},"content":{"rendered":"<p>Septembre 2017 | FRED NARDIN TRIO<\/p>\n<p>LINE UP : FRED NARDIN : piano \/ OR BAREKET : contrebasse \/ LEON PARKER : batterie<\/p>\n<p>Distribution : Jazz Family \/ Socadisc<\/p>\n<p>\u00ab\u00a0Un musicien d\u00e9j\u00e0 brillant\u00a0\u00bb Les Inrocks \/ \u00ab\u00a0La confirmation d&rsquo;un immense pianiste\u00a0\u00bb Les Derni\u00e8res Nouvelles du Jazz<\/p>\n<p>\u00ab\u00a0Du swing, de la profondeur, beaucoup d&rsquo;humilit\u00e9 et d\u00e9j\u00e0 l&rsquo;audace d&rsquo;un petit g\u00e9ant\u00a0\u00bb Jazz News Magazine<\/p>\n<p>\u00ab\u00a0Interpr\u00e8te tr\u00e8s inspir\u00e9, sa d\u00e9licatesse, son sens de la m\u00e9lodie et sa fougue ne devraient pas vous laisser indiff\u00e9rents \u00a0\u00bb FIP<\/p>\n<p>Devenu l&rsquo;un des \u00ab sideman \u00bb les plus sollicit\u00e9s de la sc\u00e8ne Jazz Parisienne actuelle, que l&rsquo;on retrouve notamment aux c\u00f4t\u00e9s de Stefano Di Battista, Nancy Harms, Ga\u00ebl Horellou, Sophie Alour, Natalia M.King ou encore C\u00e9cile McLorin Salvant, Fred Nardin nous revient en formation in\u00e9dite et exigeante, celle du trio, avec ce nouvel album \u00ab OPENING \u00bb. Epaul\u00e9 par deux musiciens d&rsquo;exception : le batteur Leon Parker, son complice \u00e0 la sc\u00e8ne depuis bient\u00f4t six ans et le contrebassiste New-Yorkais Or Bareket, ce premier opus est un pr\u00e9lude \u00e0 une nouvelle histoire de groupe.<\/p>\n<p>Une entr\u00e9e en mati\u00e8re dans l&rsquo;univers de ce trio \u00ab hors-norme \u00bb o\u00f9 complicit\u00e9, musicalit\u00e9 et inventivit\u00e9 sont les ma\u00eetres-mots au fil des compositions du pianiste ou des arrangements in\u00e9dits.<\/p>\n<p>A d\u00e9couvrir d&rsquo;urgence.<\/p>\n<h2>Extraits<\/h2>\n<h3>THE GIANT<\/h3>\n<p><audio controls=\"controls\"><source src=\"https:\/\/www.shop.fredericnardin.com\/wp-content\/uploads\/2020\/01\/Nardin-Fred-Nardin-Trio-Opening-01-Fred-Nardin-Trio-THE-GIANT.mp3\" type=\"audio\/ogg\" \/><\/audio><\/p>\n<h3>PARISIAN MELODIES<\/h3>\n<p><audio controls=\"controls\"><source src=\"https:\/\/www.shop.fredericnardin.com\/wp-content\/uploads\/2020\/01\/Nardin-Fred-Nardin-Trio-Opening-02-Fred-Nardin-Trio-PARISIAN-MELODIES.mp3\" type=\"audio\/mpeg\" \/><\/audio><\/p>\n<h3>NEW WALTZ<\/h3>\n<p><audio controls=\"controls\"><source src=\"https:\/\/www.shop.fredericnardin.com\/wp-content\/uploads\/2020\/01\/Nardin-Fred-Nardin-Trio-Opening-03-Fred-Nardin-Trio-NEW-WALTZ.mp3\" type=\"audio\/mpeg\" \/><\/audio><\/p>\n<h3>I MEAN YOU<\/h3>\n<p><audio controls=\"controls\"><source src=\"https:\/\/www.shop.fredericnardin.com\/wp-content\/uploads\/2020\/01\/Nardin-Fred-Nardin-Trio-Opening-04-Fred-Nardin-Trio-I-MEAN-YOU.mp3\" type=\"audio\/mpeg\" \/><\/audio><\/p>\n","protected":false},"excerpt":{"rendered":"<p>Septembre 2017 | FRED NARDIN TRIO<\/p>\n<p>LINE UP : FRED NARDIN : piano \/ OR BAREKET : contrebasse \/ LEON PARKER : batterie<\/p>\n","protected":false},"featured_media":127,"template":"","meta":[],"product_cat":[23,25],"product_tag":[],"class_list":{"0":"post-144","1":"product","2":"type-product","3":"status-publish","4":"has-post-thumbnail","6":"product_cat-albums","7":"product_cat-fred-nardin-trio","9":"first","10":"instock","11":"taxable","12":"shipping-taxable","13":"purchasable","14":"product-type-variable"},"jetpack_sharing_enabled":true,"_links":{"self":[{"href":"https:\/\/www.shop.fredericnardin.com\/fr\/wp-json\/wp\/v2\/product\/144"}],"collection":[{"href":"https:\/\/www.shop.fredericnardin.com\/fr\/wp-json\/wp\/v2\/product"}],"about":[{"href":"https:\/\/www.shop.fredericnardin.com\/fr\/wp-json\/wp\/v2\/types\/product"}],"wp:featuredmedia":[{"embeddable":true,"href":"https:\/\/www.shop.fredericnardin.com\/fr\/wp-json\/wp\/v2\/media\/127"}],"wp:attachment":[{"href":"https:\/\/www.shop.fredericnardin.com\/fr\/wp-json\/wp\/v2\/media?parent=144"}],"wp:term":[{"taxonomy":"product_cat","embeddable":true,"href":"https:\/\/www.shop.fredericnardin.com\/fr\/wp-json\/wp\/v2\/product_cat?post=144"},{"taxonomy":"product_tag","embeddable":true,"href":"https:\/\/www.shop.fredericnardin.com\/fr\/wp-json\/wp\/v2\/product_tag?post=144"}],"curies":[{"name":"wp","href":"https:\/\/api.w.org\/{rel}","templated":true}]}}