{"id":161,"date":"2020-01-10T18:28:46","date_gmt":"2020-01-10T17:28:46","guid":{"rendered":"https:\/\/www.shop.fredericnardin.com\/?post_type=product&#038;p=161"},"modified":"2021-01-29T21:31:04","modified_gmt":"2021-01-29T20:31:04","slug":"watts-fred-nardin-jon-boutellier-4tet-2","status":"publish","type":"product","link":"https:\/\/www.shop.fredericnardin.com\/fr\/produit\/watts-fred-nardin-jon-boutellier-4tet-2\/","title":{"rendered":"WATT&rsquo;S &#8211; FRED NARDIN \/ JON BOUTELLIER 4tet"},"content":{"rendered":"<p>2016 | FRED NARDIN \/ JON BOUTELLIER 4TET<\/p>\n<p>INVITE\u0301S : Ce\u0301cile McLorin Salvant : chant (3,6) \/ David Enhco : trompette, bugle (3,6,10) \/ Bastien Ballaz : trombone (3,6,10)<\/p>\n<p>Distribution : Gaya Music Production \/ Socadisc<\/p>\n<p>Fred Nardin \/ Jon Boutellier 4tet \u00abWATT\u2019S\u00bb<\/p>\n<p>\u00ab Au del\u00e0 d\u2019une simple session, enregistr\u00e9e (en juillet 2013), conserv\u00e9e, puis aujourd\u2019hui diffus\u00e9e, cet album repr\u00e9sente un instantan\u00e9, brut et pr\u00e9cieux, dans le parcours de l\u2019ensemble de ses instigateurs. En effet, le projet \u00e9claire de pleins feux toute la fougue et l\u2019envie d\u2019une g\u00e9n\u00e9ration besogneuse, qui a la niaque et ne s\u2019en cache pas. Il t\u00e9moigne en m\u00eame temps d\u2019un sentiment plus d\u00e9tach\u00e9, \u00e9th\u00e9r\u00e9, d\u2019un simple moment de plaisir \u00e0 quatre, six, sept&#8230;\u00bb<\/p>\n<h2>Extraits<\/h2>\n<h3>WATT&rsquo;S<\/h3>\n<p><audio controls=\"controls\"><source src=\"https:\/\/www.shop.fredericnardin.com\/wp-content\/uploads\/2020\/01\/Nardin-01-Watt-s.mp3\" type=\"audio\/ogg\" \/><\/audio><\/p>\n<h3>ROUND 20 BLUES<\/h3>\n<p><audio controls=\"controls\"><source src=\"https:\/\/www.shop.fredericnardin.com\/wp-content\/uploads\/2020\/01\/Nardin-02-Round-20-Blues.mp3\" type=\"audio\/mpeg\" \/><\/audio><\/p>\n<h3>THE GENTLEMAN IS A DOPE<\/h3>\n<p><audio controls=\"controls\"><source src=\"https:\/\/www.shop.fredericnardin.com\/wp-content\/uploads\/2020\/01\/Nardin-03-The-Gentleman-Is-A-Dope.mp3\" type=\"audio\/mpeg\" \/><\/audio><\/p>\n<h3>HOPE<\/h3>\n<p><audio controls=\"controls\"><source src=\"https:\/\/www.shop.fredericnardin.com\/wp-content\/uploads\/2020\/01\/Nardin-04-Hope.mp3\" type=\"audio\/mpeg\" \/><\/audio><\/p>\n","protected":false},"excerpt":{"rendered":"<p>2016 | FRED NARDIN \/ JON BOUTELLIER 4TET<\/p>\n<p>LINE-UP : Jon Boutellier : saxophone \/ Fred Nardin : piano, fender rhodes \/ Patrick Maradan : contrebasse \/ Romain Sarron : batterie<\/p>\n","protected":false},"featured_media":156,"template":"","meta":[],"product_cat":[23,27],"product_tag":[],"class_list":{"0":"post-161","1":"product","2":"type-product","3":"status-publish","4":"has-post-thumbnail","6":"product_cat-albums","7":"product_cat-fred-nardin-jon-boutellier-4tet","9":"first","10":"instock","11":"taxable","12":"shipping-taxable","13":"purchasable","14":"product-type-variable","15":"has-default-attributes"},"jetpack_sharing_enabled":true,"_links":{"self":[{"href":"https:\/\/www.shop.fredericnardin.com\/fr\/wp-json\/wp\/v2\/product\/161"}],"collection":[{"href":"https:\/\/www.shop.fredericnardin.com\/fr\/wp-json\/wp\/v2\/product"}],"about":[{"href":"https:\/\/www.shop.fredericnardin.com\/fr\/wp-json\/wp\/v2\/types\/product"}],"wp:featuredmedia":[{"embeddable":true,"href":"https:\/\/www.shop.fredericnardin.com\/fr\/wp-json\/wp\/v2\/media\/156"}],"wp:attachment":[{"href":"https:\/\/www.shop.fredericnardin.com\/fr\/wp-json\/wp\/v2\/media?parent=161"}],"wp:term":[{"taxonomy":"product_cat","embeddable":true,"href":"https:\/\/www.shop.fredericnardin.com\/fr\/wp-json\/wp\/v2\/product_cat?post=161"},{"taxonomy":"product_tag","embeddable":true,"href":"https:\/\/www.shop.fredericnardin.com\/fr\/wp-json\/wp\/v2\/product_tag?post=161"}],"curies":[{"name":"wp","href":"https:\/\/api.w.org\/{rel}","templated":true}]}}