{"id":2975,"date":"2022-07-03T16:44:19","date_gmt":"2022-07-03T14:44:19","guid":{"rendered":"https:\/\/www.shop.fredericnardin.com\/?post_type=product&#038;p=2975"},"modified":"2025-03-04T09:52:15","modified_gmt":"2025-03-04T08:52:15","slug":"live-in-paris","status":"publish","type":"product","link":"https:\/\/www.shop.fredericnardin.com\/fr\/produit\/live-in-paris\/","title":{"rendered":"Fred Nardin Trio \u00ab Live in Paris \u00bb"},"content":{"rendered":"<div class=\"\">\n<div class=\"\">\n<div class=\"\">\n<div class=\"\">Deux sets entiers r\u00e9unis sur un double album live. Un concert dans son int\u00e9gralit\u00e9 \u00e0 d\u00e9guster \u00e0 la maison pour retrouver la proximit\u00e9 et la complicit\u00e9 des musiciens sur sc\u00e8ne et l\u2019intimit\u00e9 d\u2019un jazz club dans son salon.<br class=\"\" \/>C\u2019est le nouvel album que propose le pianiste Fred Nardin, avec le label Jazz Family, pour f\u00eater les cinq ann\u00e9es d\u2019existence de son trio avec ses complices Or Bareket et Leon Parker pour red\u00e9couvrir sous un prisme diff\u00e9rent, le temps d\u2019un concert, la musique qui compose les deux pr\u00e9c\u00e9dents albums de leur formation : Opening &amp; Look Ahead ainsi que quelques in\u00e9dits.<\/div>\n<div class=\"\">Un nouvel album sans artifices ou musique, ma\u00eetrise, complicit\u00e9, \u00e9nergie, osmose et prise de risque sont les ma\u00eetres-mots.<\/div>\n<\/div>\n<\/div>\n<\/div>\n","protected":false},"excerpt":{"rendered":"<p>2022 | FRED NARDIN TRIO<\/p>\n<p>LINE UP : Fred Nardin (p), Or Bareket (b), Leon Parker<\/p>\n","protected":false},"featured_media":2978,"template":"","meta":[],"product_cat":[23,25],"product_tag":[],"class_list":{"0":"post-2975","1":"product","2":"type-product","3":"status-publish","4":"has-post-thumbnail","6":"product_cat-albums","7":"product_cat-fred-nardin-trio","9":"first","10":"instock","11":"taxable","12":"shipping-taxable","13":"purchasable","14":"product-type-variable"},"jetpack_sharing_enabled":true,"_links":{"self":[{"href":"https:\/\/www.shop.fredericnardin.com\/fr\/wp-json\/wp\/v2\/product\/2975"}],"collection":[{"href":"https:\/\/www.shop.fredericnardin.com\/fr\/wp-json\/wp\/v2\/product"}],"about":[{"href":"https:\/\/www.shop.fredericnardin.com\/fr\/wp-json\/wp\/v2\/types\/product"}],"wp:featuredmedia":[{"embeddable":true,"href":"https:\/\/www.shop.fredericnardin.com\/fr\/wp-json\/wp\/v2\/media\/2978"}],"wp:attachment":[{"href":"https:\/\/www.shop.fredericnardin.com\/fr\/wp-json\/wp\/v2\/media?parent=2975"}],"wp:term":[{"taxonomy":"product_cat","embeddable":true,"href":"https:\/\/www.shop.fredericnardin.com\/fr\/wp-json\/wp\/v2\/product_cat?post=2975"},{"taxonomy":"product_tag","embeddable":true,"href":"https:\/\/www.shop.fredericnardin.com\/fr\/wp-json\/wp\/v2\/product_tag?post=2975"}],"curies":[{"name":"wp","href":"https:\/\/api.w.org\/{rel}","templated":true}]}}